{"id":240270,"date":"2021-12-27T23:52:19","date_gmt":"2021-12-28T02:52:19","guid":{"rendered":"https:\/\/alternativavecinalistaee.com.ar\/?page_id=240270"},"modified":"2025-04-23T19:23:24","modified_gmt":"2025-04-23T22:23:24","slug":"proteccion-animal","status":"publish","type":"page","link":"https:\/\/alternativavecinalistaee.com.ar\/index.php\/proteccion-animal\/","title":{"rendered":"Protecci\u00f3n Animal"},"content":{"rendered":"<p>[et_pb_section fb_built=\u00bb1&#8243; admin_label=\u00bbHeader\u00bb _builder_version=\u00bb4.27.4&#8243; _module_preset=\u00bbdefault\u00bb background_enable_color=\u00bboff\u00bb use_background_color_gradient=\u00bbon\u00bb background_color_gradient_direction=\u00bb90deg\u00bb background_color_gradient_stops=\u00bbgcid-63619e2d-d652-438b-acef-7cada3672d10 0%|rgba(237, 80, 67, 1) 50%|gcid-8d772e12-8e37-4771-89f8-bcd8150f78fa 100%\u00bb background_enable_image=\u00bboff\u00bb background_position=\u00bbbottom_center\u00bb custom_margin=\u00bb||||false|false\u00bb custom_margin_tablet=\u00bb||||false|false\u00bb custom_margin_phone=\u00bb5vw||||false|false\u00bb custom_margin_last_edited=\u00bbon|phone\u00bb custom_padding=\u00bb9px||||false|false\u00bb background_last_edited=\u00bbon|tablet\u00bb background_size_tablet=\u00bbcontain\u00bb background_size_phone=\u00bbcontain\u00bb background_position_tablet=\u00bbtop_center\u00bb background_position_phone=\u00bbtop_right\u00bb border_radii=\u00bboff|||150px|150px\u00bb global_colors_info=\u00bb{%22gcid-8d772e12-8e37-4771-89f8-bcd8150f78fa%22:%91%22background_color_gradient_stops%22%93,%22gcid-63619e2d-d652-438b-acef-7cada3672d10%22:%91%22background_color_gradient_stops%22%93}\u00bb][et_pb_row column_structure=\u00bb2_3,1_3&#8243; custom_padding_last_edited=\u00bbon|phone\u00bb _builder_version=\u00bb4.27.4&#8243; _module_preset=\u00bbdefault\u00bb width=\u00bb85%\u00bb max_width=\u00bbnone\u00bb custom_padding=\u00bb||||false|false\u00bb custom_padding_tablet=\u00bb|30vw|||false|false\u00bb custom_padding_phone=\u00bb|0vw|||false|false\u00bb global_colors_info=\u00bb{}\u00bb][et_pb_column type=\u00bb2_3&#8243; _builder_version=\u00bb4.16&#8243; _module_preset=\u00bbdefault\u00bb custom_padding=\u00bb80px||||false|false\u00bb global_colors_info=\u00bb{}\u00bb][et_pb_text _builder_version=\u00bb4.27.4&#8243; _module_preset=\u00bbe864d11f-3dab-4fa3-ac06-4f0e1a260807&#8243; header_font=\u00bbPoppins|800||on|||||\u00bb header_text_color=\u00bb#FFFFFF\u00bb header_font_size=\u00bb7vw\u00bb header_letter_spacing=\u00bb4px\u00bb header_line_height=\u00bb1.2em\u00bb custom_margin=\u00bb||0px||false|false\u00bb header_font_size_tablet=\u00bb40px\u00bb header_font_size_phone=\u00bb40px\u00bb header_font_size_last_edited=\u00bbon|desktop\u00bb locked=\u00bboff\u00bb global_colors_info=\u00bb{}\u00bb]<\/p>\n<h1>PROTECCI\u00d3N<\/h1>\n<h1>ANIMAL<\/h1>\n<p>[\/et_pb_text][et_pb_text _builder_version=\u00bb4.27.4&#8243; _module_preset=\u00bb534cc526-6274-4e31-9e1a-7f18a5947bf1&#8243; text_font=\u00bbPoppins||||||||\u00bb text_text_color=\u00bb#FFFFFF\u00bb text_font_size=\u00bb22px\u00bb text_line_height=\u00bb1.5em\u00bb header_4_font=\u00bbOswald|500||on|||||\u00bb header_4_text_color=\u00bb#000000&#8243; header_4_font_size=\u00bb14px\u00bb header_4_letter_spacing=\u00bb1px\u00bb header_4_line_height=\u00bb1.3em\u00bb custom_margin=\u00bb||0px||false|false\u00bb header_4_font_size_tablet=\u00bb13px\u00bb header_4_font_size_phone=\u00bb11px\u00bb header_4_font_size_last_edited=\u00bbon|tablet\u00bb locked=\u00bboff\u00bb global_colors_info=\u00bb{}\u00bb]<\/p>\n<p>Nuestras propuestas fomentan la tenencia responsable con el fin de disminuir los abandonos y los maltratos; aumentar las adopciones; evitar los accidentes y generar el bienestar de los animales.<\/p>\n<p>[\/et_pb_text][\/et_pb_column][et_pb_column type=\u00bb1_3&#8243; _builder_version=\u00bb4.16&#8243; _module_preset=\u00bbdefault\u00bb custom_padding=\u00bb80px||||false|false\u00bb global_colors_info=\u00bb{}\u00bb][\/et_pb_column][\/et_pb_row][\/et_pb_section][et_pb_section fb_built=\u00bb1&#8243; _builder_version=\u00bb4.27.4&#8243; _module_preset=\u00bbdefault\u00bb custom_padding=\u00bb||0px|||\u00bb global_colors_info=\u00bb{}\u00bb][et_pb_row column_structure=\u00bb1_2,1_2&#8243; _builder_version=\u00bb4.27.4&#8243; _module_preset=\u00bbdefault\u00bb width=\u00bb90%\u00bb max_width=\u00bb100%\u00bb global_colors_info=\u00bb{}\u00bb][et_pb_column type=\u00bb1_2&#8243; _builder_version=\u00bb4.27.4&#8243; _module_preset=\u00bbdefault\u00bb global_colors_info=\u00bb{}\u00bb][\/et_pb_column][et_pb_column type=\u00bb1_2&#8243; _builder_version=\u00bb4.27.4&#8243; _module_preset=\u00bbdefault\u00bb global_colors_info=\u00bb{}\u00bb][et_pb_image src=\u00bbhttps:\/\/alternativavecinalistaee.com.ar\/wp-content\/uploads\/2025\/04\/proteccion-animal-ee.png\u00bb title_text=\u00bbproteccion animal ee\u00bb align=\u00bbright\u00bb align_tablet=\u00bbright\u00bb align_phone=\u00bbcenter\u00bb align_last_edited=\u00bbon|phone\u00bb _builder_version=\u00bb4.27.4&#8243; _module_preset=\u00bbdefault\u00bb width=\u00bb70%\u00bb custom_margin=\u00bb-33vw||||false|false\u00bb custom_margin_tablet=\u00bb-33vw||||false|false\u00bb custom_margin_phone=\u00bb-33vw||||false|false\u00bb custom_margin_last_edited=\u00bbon|phone\u00bb border_radii=\u00bbon|50px|50px|50px|50px\u00bb global_colors_info=\u00bb{}\u00bb][\/et_pb_image][\/et_pb_column][\/et_pb_row][\/et_pb_section][et_pb_section fb_built=\u00bb1&#8243; admin_label=\u00bbFeatures\u00bb _builder_version=\u00bb4.27.4&#8243; _module_preset=\u00bbdefault\u00bb hover_enabled=\u00bb0&#8243; global_colors_info=\u00bb{}\u00bb sticky_enabled=\u00bb0&#8243;][et_pb_row column_structure=\u00bb1_3,1_3,1_3&#8243; _builder_version=\u00bb4.27.4&#8243; _module_preset=\u00bbdefault\u00bb width=\u00bb90%\u00bb max_width=\u00bb100%\u00bb custom_margin=\u00bb10px||||false|false\u00bb hover_enabled=\u00bb0&#8243; global_colors_info=\u00bb{}\u00bb sticky_enabled=\u00bb0&#8243;][et_pb_column type=\u00bb1_3&#8243; _builder_version=\u00bb4.16&#8243; _module_preset=\u00bbdefault\u00bb global_colors_info=\u00bb{}\u00bb][et_pb_blurb image_icon_background_color=\u00bbRGBA(255,255,255,0)\u00bb image=\u00bbhttps:\/\/alternativavecinalistaee.com.ar\/wp-content\/uploads\/2025\/04\/Recurso-80.png\u00bb image_icon_width=\u00bb100%\u00bb icon_alignment=\u00bbleft\u00bb module_class=\u00bbhover-anuncio\u00bb _builder_version=\u00bb4.27.4&#8243; _module_preset=\u00bbdefault\u00bb header_font=\u00bbNunito|600|||||||\u00bb header_text_align=\u00bbleft\u00bb header_text_color=\u00bb#000000&#8243; header_font_size=\u00bb20px\u00bb body_font=\u00bbPoppins||||||||\u00bb body_text_color=\u00bb#FFFFFF\u00bb body_font_size=\u00bb17px\u00bb body_line_height=\u00bb1.8em\u00bb background_color=\u00bbRGBA(255,255,255,0)\u00bb image_icon_custom_margin=\u00bb||||false|false\u00bb module_alignment=\u00bbleft\u00bb custom_padding=\u00bb||1vw||false|false\u00bb custom_padding_tablet=\u00bb||1vw||false|false\u00bb custom_padding_phone=\u00bb||3vw||false|false\u00bb custom_padding_last_edited=\u00bbon|phone\u00bb hover_enabled=\u00bb0&#8243; border_radii=\u00bboff|30px|30px|30px|30px\u00bb global_colors_info=\u00bb{%22gcid-8d772e12-8e37-4771-89f8-bcd8150f78fa%22:%91%22background_color__hover%22%93}\u00bb content__hover_enabled=\u00bbon|hover\u00bb content__hover=\u00bb<\/p>\n<p><span>Controlar\u00e1 la salubridad, vacunaci\u00f3n y esterilizaci\u00f3n de animales dom\u00e9sticos, incluyendo a aquellos hallados en la v\u00eda p\u00fablica.<\/span><\/p>\n<p>\u00bb background__hover_enabled=\u00bbon|hover\u00bb background_color__hover=\u00bb#e5005b\u00bb background_enable_color__hover=\u00bbon\u00bb sticky_enabled=\u00bb0&#8243;][\/et_pb_blurb][et_pb_button button_url=\u00bbhttps:\/\/alternativavecinalistaee.com.ar\/wp-content\/uploads\/2021\/05\/CENTRO-MUNICIPAL-DE-ZOONOSIS.pdf\u00bb button_text=\u00bbDescargar y leer\u00bb button_alignment=\u00bbleft\u00bb _builder_version=\u00bb4.27.4&#8243; _module_preset=\u00bbdefault\u00bb custom_button=\u00bbon\u00bb button_text_color=\u00bb#FFFFFF\u00bb button_bg_use_color_gradient=\u00bbon\u00bb button_bg_color_gradient_direction=\u00bb90deg\u00bb button_bg_color_gradient_stops=\u00bb#f7ae26 0%|rgba(145, 196, 139, 1) 37%|gcid-dbfbfaa7-bcfe-41a1-b0cd-b47a8821c1d8 100%\u00bb button_border_width=\u00bb0px\u00bb button_border_radius=\u00bb50px\u00bb button_font=\u00bbPoppins|600|||||||\u00bb button_icon=\u00bb&#x35;||divi||400&#8243; button_on_hover=\u00bboff\u00bb global_colors_info=\u00bb{%22gcid-63619e2d-d652-438b-acef-7cada3672d10%22:%91%22button_bg_color_gradient_stops%22%93}\u00bb][\/et_pb_button][\/et_pb_column][et_pb_column type=\u00bb1_3&#8243; _builder_version=\u00bb4.16&#8243; _module_preset=\u00bbdefault\u00bb global_colors_info=\u00bb{}\u00bb][et_pb_blurb image_icon_background_color=\u00bbRGBA(255,255,255,0)\u00bb image=\u00bbhttps:\/\/alternativavecinalistaee.com.ar\/wp-content\/uploads\/2025\/04\/Recurso-79.png\u00bb image_icon_width=\u00bb100%\u00bb icon_alignment=\u00bbleft\u00bb module_class=\u00bbhover-anuncio\u00bb _builder_version=\u00bb4.27.4&#8243; _module_preset=\u00bbdefault\u00bb header_font=\u00bbNunito|600|||||||\u00bb header_text_align=\u00bbleft\u00bb header_text_color=\u00bb#000000&#8243; header_font_size=\u00bb20px\u00bb body_font=\u00bbPoppins||||||||\u00bb body_text_color=\u00bb#FFFFFF\u00bb body_font_size=\u00bb17px\u00bb body_line_height=\u00bb1.8em\u00bb background_color=\u00bbRGBA(255,255,255,0)\u00bb image_icon_custom_margin=\u00bb||||false|false\u00bb module_alignment=\u00bbleft\u00bb custom_padding=\u00bb||1vw||false|false\u00bb custom_padding_tablet=\u00bb||1vw||false|false\u00bb custom_padding_phone=\u00bb||3vw||false|false\u00bb custom_padding_last_edited=\u00bbon|phone\u00bb hover_enabled=\u00bb0&#8243; background_last_edited=\u00bboff|desktop\u00bb border_radii=\u00bboff|30px|30px|30px|30px\u00bb global_colors_info=\u00bb{}\u00bb content__hover_enabled=\u00bbon|hover\u00bb content__hover=\u00bb<\/p>\n<p><span>El objetivo es erradicar veh\u00edculos de tracci\u00f3n animal y desarrollar alternativas socioecon\u00f3micas para la poblaci\u00f3n de trabajadores informales.<\/span><\/p>\n<p>\u00bb background_color__hover=\u00bb#e5005b\u00bb background_enable_color__hover=\u00bbon\u00bb background__hover_enabled=\u00bbon|desktop\u00bb sticky_enabled=\u00bb0&#8243;][\/et_pb_blurb][et_pb_button button_url=\u00bbhttps:\/\/alternativavecinalistaee.com.ar\/wp-content\/uploads\/2021\/05\/PROHIBICION-DE-TRACCION-A-SANGRE.pdf\u00bb button_text=\u00bbDescargar y leer\u00bb button_alignment=\u00bbleft\u00bb _builder_version=\u00bb4.27.4&#8243; _module_preset=\u00bbdefault\u00bb custom_button=\u00bbon\u00bb button_text_color=\u00bb#FFFFFF\u00bb button_bg_use_color_gradient=\u00bbon\u00bb button_bg_color_gradient_direction=\u00bb90deg\u00bb button_bg_color_gradient_stops=\u00bb#f7ae26 0%|rgba(145, 196, 139, 1) 37%|gcid-dbfbfaa7-bcfe-41a1-b0cd-b47a8821c1d8 100%\u00bb button_border_width=\u00bb0px\u00bb button_border_radius=\u00bb50px\u00bb button_font=\u00bbPoppins|600|||||||\u00bb button_icon=\u00bb&#x35;||divi||400&#8243; button_on_hover=\u00bboff\u00bb global_colors_info=\u00bb{}\u00bb][\/et_pb_button][\/et_pb_column][et_pb_column type=\u00bb1_3&#8243; _builder_version=\u00bb4.16&#8243; _module_preset=\u00bbdefault\u00bb global_colors_info=\u00bb{}\u00bb][et_pb_blurb image_icon_background_color=\u00bbRGBA(255,255,255,0)\u00bb image=\u00bbhttps:\/\/alternativavecinalistaee.com.ar\/wp-content\/uploads\/2025\/04\/Recurso-78.png\u00bb image_icon_width=\u00bb100%\u00bb icon_alignment=\u00bbleft\u00bb module_class=\u00bbhover-anuncio\u00bb _builder_version=\u00bb4.27.4&#8243; _module_preset=\u00bbdefault\u00bb header_font=\u00bbNunito|600|||||||\u00bb header_text_align=\u00bbleft\u00bb header_text_color=\u00bb#000000&#8243; header_font_size=\u00bb20px\u00bb body_font=\u00bbPoppins||||||||\u00bb body_text_color=\u00bb#FFFFFF\u00bb body_font_size=\u00bb17px\u00bb body_line_height=\u00bb1.8em\u00bb background_color=\u00bbRGBA(255,255,255,0)\u00bb image_icon_custom_margin=\u00bb||||false|false\u00bb module_alignment=\u00bbleft\u00bb custom_padding=\u00bb||1vw||false|false\u00bb custom_padding_tablet=\u00bb||1vw||false|false\u00bb custom_padding_phone=\u00bb||3vw||false|false\u00bb custom_padding_last_edited=\u00bbon|phone\u00bb border_radii=\u00bboff|30px|30px|30px|30px\u00bb global_colors_info=\u00bb{}\u00bb background_color__hover=\u00bb#e5005b\u00bb background_enable_color__hover=\u00bbon\u00bb content__hover_enabled=\u00bbon|hover\u00bb content__hover=\u00bb<\/p>\n<p><span lang=%22ES-TRAD%22>La iniciativa protege la vida de las mascotas, regula su tenencia y\/o crianza, su control sanitario, y concientiza sobre el respeto a la vida.<\/span><span><u><\/u> <\/span><\/p>\n<p>\u00bb background__hover_enabled=\u00bbon|hover\u00bb][\/et_pb_blurb][et_pb_button button_url=\u00bbhttps:\/\/alternativavecinalistaee.com.ar\/wp-content\/uploads\/2021\/05\/CONTROL-DE-MASCOTAS.pdf\u00bb button_text=\u00bbDescargar y leer\u00bb button_alignment=\u00bbleft\u00bb _builder_version=\u00bb4.27.4&#8243; _module_preset=\u00bbdefault\u00bb custom_button=\u00bbon\u00bb button_text_color=\u00bb#FFFFFF\u00bb button_bg_use_color_gradient=\u00bbon\u00bb button_bg_color_gradient_direction=\u00bb90deg\u00bb button_bg_color_gradient_stops=\u00bb#f7ae26 0%|rgba(145, 196, 139, 1) 37%|gcid-dbfbfaa7-bcfe-41a1-b0cd-b47a8821c1d8 100%\u00bb button_border_width=\u00bb0px\u00bb button_border_radius=\u00bb50px\u00bb button_font=\u00bbPoppins|600|||||||\u00bb button_icon=\u00bb&#x35;||divi||400&#8243; button_on_hover=\u00bboff\u00bb global_colors_info=\u00bb{}\u00bb][\/et_pb_button][\/et_pb_column][\/et_pb_row][\/et_pb_section]<\/p>\n","protected":false},"excerpt":{"rendered":"<p>PROTECCI\u00d3N ANIMALNuestras propuestas fomentan la tenencia responsable con el fin de disminuir los abandonos y los maltratos; aumentar las adopciones; evitar los accidentes y generar el bienestar de los animales.<\/p>\n","protected":false},"author":1,"featured_media":0,"parent":0,"menu_order":0,"comment_status":"closed","ping_status":"closed","template":"","meta":{"_et_pb_use_builder":"on","_et_pb_old_content":"<!-- wp:divi\/placeholder \/-->","_et_gb_content_width":"","footnotes":""},"class_list":["post-240270","page","type-page","status-publish","hentry"],"yoast_head":"<!-- This site is optimized with the Yoast SEO plugin v27.3 - https:\/\/yoast.com\/product\/yoast-seo-wordpress\/ -->\n<title>Protecci\u00f3n Animal - Alternativa Vecinalista EE<\/title>\n<meta name=\"robots\" content=\"index, follow, max-snippet:-1, max-image-preview:large, max-video-preview:-1\" \/>\n<link rel=\"canonical\" href=\"https:\/\/alternativavecinalistaee.com.ar\/index.php\/proteccion-animal\/\" \/>\n<meta property=\"og:locale\" content=\"es_ES\" \/>\n<meta property=\"og:type\" content=\"article\" \/>\n<meta property=\"og:title\" content=\"Protecci\u00f3n Animal - Alternativa Vecinalista EE\" \/>\n<meta property=\"og:description\" content=\"PROTECCI\u00d3N ANIMALNuestras propuestas fomentan la tenencia responsable con el fin de disminuir los abandonos y los maltratos; aumentar las adopciones; evitar los accidentes y generar el bienestar de los animales.\" \/>\n<meta property=\"og:url\" content=\"https:\/\/alternativavecinalistaee.com.ar\/index.php\/proteccion-animal\/\" \/>\n<meta property=\"og:site_name\" content=\"Alternativa Vecinalista EE\" \/>\n<meta property=\"article:publisher\" content=\"https:\/\/www.facebook.com\/alternativavecinalistaee\/\" \/>\n<meta property=\"article:modified_time\" content=\"2025-04-23T22:23:24+00:00\" \/>\n<meta name=\"twitter:card\" content=\"summary_large_image\" \/>\n<meta name=\"twitter:site\" content=\"@AVdeEcheverria\" \/>\n<script type=\"application\/ld+json\" class=\"yoast-schema-graph\">{\"@context\":\"https:\\\/\\\/schema.org\",\"@graph\":[{\"@type\":\"WebPage\",\"@id\":\"https:\\\/\\\/alternativavecinalistaee.com.ar\\\/index.php\\\/proteccion-animal\\\/\",\"url\":\"https:\\\/\\\/alternativavecinalistaee.com.ar\\\/index.php\\\/proteccion-animal\\\/\",\"name\":\"Protecci\u00f3n Animal - Alternativa Vecinalista EE\",\"isPartOf\":{\"@id\":\"https:\\\/\\\/alternativavecinalistaee.com.ar\\\/#website\"},\"datePublished\":\"2021-12-28T02:52:19+00:00\",\"dateModified\":\"2025-04-23T22:23:24+00:00\",\"breadcrumb\":{\"@id\":\"https:\\\/\\\/alternativavecinalistaee.com.ar\\\/index.php\\\/proteccion-animal\\\/#breadcrumb\"},\"inLanguage\":\"es\",\"potentialAction\":[{\"@type\":\"ReadAction\",\"target\":[\"https:\\\/\\\/alternativavecinalistaee.com.ar\\\/index.php\\\/proteccion-animal\\\/\"]}]},{\"@type\":\"BreadcrumbList\",\"@id\":\"https:\\\/\\\/alternativavecinalistaee.com.ar\\\/index.php\\\/proteccion-animal\\\/#breadcrumb\",\"itemListElement\":[{\"@type\":\"ListItem\",\"position\":1,\"name\":\"Portada\",\"item\":\"https:\\\/\\\/alternativavecinalistaee.com.ar\\\/\"},{\"@type\":\"ListItem\",\"position\":2,\"name\":\"Protecci\u00f3n Animal\"}]},{\"@type\":\"WebSite\",\"@id\":\"https:\\\/\\\/alternativavecinalistaee.com.ar\\\/#website\",\"url\":\"https:\\\/\\\/alternativavecinalistaee.com.ar\\\/\",\"name\":\"Alternativa Vecinalista EE\",\"description\":\"Esteban Echeverr\u00eda\",\"publisher\":{\"@id\":\"https:\\\/\\\/alternativavecinalistaee.com.ar\\\/#organization\"},\"potentialAction\":[{\"@type\":\"SearchAction\",\"target\":{\"@type\":\"EntryPoint\",\"urlTemplate\":\"https:\\\/\\\/alternativavecinalistaee.com.ar\\\/?s={search_term_string}\"},\"query-input\":{\"@type\":\"PropertyValueSpecification\",\"valueRequired\":true,\"valueName\":\"search_term_string\"}}],\"inLanguage\":\"es\"},{\"@type\":\"Organization\",\"@id\":\"https:\\\/\\\/alternativavecinalistaee.com.ar\\\/#organization\",\"name\":\"Alternativa Vecinalista EE\",\"url\":\"https:\\\/\\\/alternativavecinalistaee.com.ar\\\/\",\"logo\":{\"@type\":\"ImageObject\",\"inLanguage\":\"es\",\"@id\":\"https:\\\/\\\/alternativavecinalistaee.com.ar\\\/#\\\/schema\\\/logo\\\/image\\\/\",\"url\":\"https:\\\/\\\/alternativavecinalistaee.com.ar\\\/wp-content\\\/uploads\\\/2020\\\/12\\\/Alternativa-vecinalista-Esteban-Echeverria.png\",\"contentUrl\":\"https:\\\/\\\/alternativavecinalistaee.com.ar\\\/wp-content\\\/uploads\\\/2020\\\/12\\\/Alternativa-vecinalista-Esteban-Echeverria.png\",\"width\":5268,\"height\":1077,\"caption\":\"Alternativa Vecinalista EE\"},\"image\":{\"@id\":\"https:\\\/\\\/alternativavecinalistaee.com.ar\\\/#\\\/schema\\\/logo\\\/image\\\/\"},\"sameAs\":[\"https:\\\/\\\/www.facebook.com\\\/alternativavecinalistaee\\\/\",\"https:\\\/\\\/x.com\\\/AVdeEcheverria\",\"https:\\\/\\\/www.instagram.com\\\/alternativavecinalistaee\\\/\"]}]}<\/script>\n<!-- \/ Yoast SEO plugin. -->","yoast_head_json":{"title":"Protecci\u00f3n Animal - Alternativa Vecinalista EE","robots":{"index":"index","follow":"follow","max-snippet":"max-snippet:-1","max-image-preview":"max-image-preview:large","max-video-preview":"max-video-preview:-1"},"canonical":"https:\/\/alternativavecinalistaee.com.ar\/index.php\/proteccion-animal\/","og_locale":"es_ES","og_type":"article","og_title":"Protecci\u00f3n Animal - Alternativa Vecinalista EE","og_description":"PROTECCI\u00d3N ANIMALNuestras propuestas fomentan la tenencia responsable con el fin de disminuir los abandonos y los maltratos; aumentar las adopciones; evitar los accidentes y generar el bienestar de los animales.","og_url":"https:\/\/alternativavecinalistaee.com.ar\/index.php\/proteccion-animal\/","og_site_name":"Alternativa Vecinalista EE","article_publisher":"https:\/\/www.facebook.com\/alternativavecinalistaee\/","article_modified_time":"2025-04-23T22:23:24+00:00","twitter_card":"summary_large_image","twitter_site":"@AVdeEcheverria","schema":{"@context":"https:\/\/schema.org","@graph":[{"@type":"WebPage","@id":"https:\/\/alternativavecinalistaee.com.ar\/index.php\/proteccion-animal\/","url":"https:\/\/alternativavecinalistaee.com.ar\/index.php\/proteccion-animal\/","name":"Protecci\u00f3n Animal - Alternativa Vecinalista EE","isPartOf":{"@id":"https:\/\/alternativavecinalistaee.com.ar\/#website"},"datePublished":"2021-12-28T02:52:19+00:00","dateModified":"2025-04-23T22:23:24+00:00","breadcrumb":{"@id":"https:\/\/alternativavecinalistaee.com.ar\/index.php\/proteccion-animal\/#breadcrumb"},"inLanguage":"es","potentialAction":[{"@type":"ReadAction","target":["https:\/\/alternativavecinalistaee.com.ar\/index.php\/proteccion-animal\/"]}]},{"@type":"BreadcrumbList","@id":"https:\/\/alternativavecinalistaee.com.ar\/index.php\/proteccion-animal\/#breadcrumb","itemListElement":[{"@type":"ListItem","position":1,"name":"Portada","item":"https:\/\/alternativavecinalistaee.com.ar\/"},{"@type":"ListItem","position":2,"name":"Protecci\u00f3n Animal"}]},{"@type":"WebSite","@id":"https:\/\/alternativavecinalistaee.com.ar\/#website","url":"https:\/\/alternativavecinalistaee.com.ar\/","name":"Alternativa Vecinalista EE","description":"Esteban Echeverr\u00eda","publisher":{"@id":"https:\/\/alternativavecinalistaee.com.ar\/#organization"},"potentialAction":[{"@type":"SearchAction","target":{"@type":"EntryPoint","urlTemplate":"https:\/\/alternativavecinalistaee.com.ar\/?s={search_term_string}"},"query-input":{"@type":"PropertyValueSpecification","valueRequired":true,"valueName":"search_term_string"}}],"inLanguage":"es"},{"@type":"Organization","@id":"https:\/\/alternativavecinalistaee.com.ar\/#organization","name":"Alternativa Vecinalista EE","url":"https:\/\/alternativavecinalistaee.com.ar\/","logo":{"@type":"ImageObject","inLanguage":"es","@id":"https:\/\/alternativavecinalistaee.com.ar\/#\/schema\/logo\/image\/","url":"https:\/\/alternativavecinalistaee.com.ar\/wp-content\/uploads\/2020\/12\/Alternativa-vecinalista-Esteban-Echeverria.png","contentUrl":"https:\/\/alternativavecinalistaee.com.ar\/wp-content\/uploads\/2020\/12\/Alternativa-vecinalista-Esteban-Echeverria.png","width":5268,"height":1077,"caption":"Alternativa Vecinalista EE"},"image":{"@id":"https:\/\/alternativavecinalistaee.com.ar\/#\/schema\/logo\/image\/"},"sameAs":["https:\/\/www.facebook.com\/alternativavecinalistaee\/","https:\/\/x.com\/AVdeEcheverria","https:\/\/www.instagram.com\/alternativavecinalistaee\/"]}]}},"_links":{"self":[{"href":"https:\/\/alternativavecinalistaee.com.ar\/index.php\/wp-json\/wp\/v2\/pages\/240270","targetHints":{"allow":["GET"]}}],"collection":[{"href":"https:\/\/alternativavecinalistaee.com.ar\/index.php\/wp-json\/wp\/v2\/pages"}],"about":[{"href":"https:\/\/alternativavecinalistaee.com.ar\/index.php\/wp-json\/wp\/v2\/types\/page"}],"author":[{"embeddable":true,"href":"https:\/\/alternativavecinalistaee.com.ar\/index.php\/wp-json\/wp\/v2\/users\/1"}],"replies":[{"embeddable":true,"href":"https:\/\/alternativavecinalistaee.com.ar\/index.php\/wp-json\/wp\/v2\/comments?post=240270"}],"version-history":[{"count":28,"href":"https:\/\/alternativavecinalistaee.com.ar\/index.php\/wp-json\/wp\/v2\/pages\/240270\/revisions"}],"predecessor-version":[{"id":987508390,"href":"https:\/\/alternativavecinalistaee.com.ar\/index.php\/wp-json\/wp\/v2\/pages\/240270\/revisions\/987508390"}],"wp:attachment":[{"href":"https:\/\/alternativavecinalistaee.com.ar\/index.php\/wp-json\/wp\/v2\/media?parent=240270"}],"curies":[{"name":"wp","href":"https:\/\/api.w.org\/{rel}","templated":true}]}}