{"id":375,"date":"2021-01-27T14:23:03","date_gmt":"2021-01-27T14:23:03","guid":{"rendered":"http:\/\/alternativavecinalistaee.com.ar\/?page_id=375"},"modified":"2025-05-01T12:12:52","modified_gmt":"2025-05-01T15:12:52","slug":"autonomia-municipal","status":"publish","type":"page","link":"https:\/\/alternativavecinalistaee.com.ar\/index.php\/autonomia-municipal\/","title":{"rendered":"Autonom\u00eda municipal"},"content":{"rendered":"<p>[et_pb_section fb_built=\u00bb1&#8243; _builder_version=\u00bb4.27.4&#8243; _module_preset=\u00bbdefault\u00bb background_enable_color=\u00bboff\u00bb background_enable_image=\u00bboff\u00bb background_size=\u00bbcontain\u00bb background_position=\u00bbbottom_right\u00bb custom_margin=\u00bb0px||||false|false\u00bb custom_padding=\u00bb0px||29px||false|\u00bb top_divider_height=\u00bb85px\u00bb global_colors_info=\u00bb{}\u00bb][et_pb_row _builder_version=\u00bb4.27.4&#8243; _module_preset=\u00bbdefault\u00bb width_tablet=\u00bb\u00bb width_phone=\u00bb95%\u00bb width_last_edited=\u00bbon|phone\u00bb max_width_tablet=\u00bb\u00bb max_width_phone=\u00bb100%\u00bb max_width_last_edited=\u00bbon|phone\u00bb custom_padding=\u00bb90px|||||\u00bb global_colors_info=\u00bb{}\u00bb][et_pb_column type=\u00bb4_4&#8243; _builder_version=\u00bb4.16&#8243; _module_preset=\u00bbdefault\u00bb global_colors_info=\u00bb{}\u00bb][et_pb_text _builder_version=\u00bb4.27.4&#8243; _module_preset=\u00bbdefault\u00bb header_font=\u00bbPoppins|600||on|||||\u00bb header_text_color=\u00bb#FFFFFF\u00bb header_font_size=\u00bb35px\u00bb use_background_color_gradient=\u00bbon\u00bb background_color_gradient_direction=\u00bb90deg\u00bb background_color_gradient_stops=\u00bbgcid-63619e2d-d652-438b-acef-7cada3672d10 0%|rgba(237, 78, 67, 1) 30%|gcid-8d772e12-8e37-4771-89f8-bcd8150f78fa 100%\u00bb custom_margin=\u00bb||||false|false\u00bb custom_padding=\u00bb0.5vw||0.1vw|0px|false|false\u00bb custom_padding_tablet=\u00bb0.5vw||0.1vw|0px|false|false\u00bb custom_padding_phone=\u00bb3vw|0px|0vw|0px|false|false\u00bb custom_padding_last_edited=\u00bbon|phone\u00bb hover_enabled=\u00bb0&#8243; header_font_size_tablet=\u00bb35px\u00bb header_font_size_phone=\u00bb18px\u00bb header_font_size_last_edited=\u00bbon|phone\u00bb border_radii=\u00bbon|50px|50px|50px|50px\u00bb global_colors_info=\u00bb{%22gcid-8d772e12-8e37-4771-89f8-bcd8150f78fa%22:%91%22background_color_gradient_stops%22%93,%22gcid-63619e2d-d652-438b-acef-7cada3672d10%22:%91%22background_color_gradient_stops%22%93}\u00bb sticky_enabled=\u00bb0&#8243;]<\/p>\n<h1 style=\"text-align: center;\">A favor del autogobierno local<\/h1>\n<p>[\/et_pb_text][\/et_pb_column][\/et_pb_row][\/et_pb_section][et_pb_section fb_built=\u00bb1&#8243; _builder_version=\u00bb4.27.4&#8243; _module_preset=\u00bbdefault\u00bb background_image=\u00bbhttps:\/\/alternativavecinalistaee.com.ar\/wp-content\/uploads\/2025\/04\/AUTONOMIA-MUNICIPAL.png\u00bb background_size=\u00bbcontain\u00bb custom_padding=\u00bb50px||120px|||\u00bb background_last_edited=\u00bbon|phone\u00bb background_enable_image_phone=\u00bboff\u00bb global_colors_info=\u00bb{}\u00bb][et_pb_row _builder_version=\u00bb4.16&#8243; _module_preset=\u00bbdefault\u00bb global_colors_info=\u00bb{}\u00bb][et_pb_column type=\u00bb4_4&#8243; _builder_version=\u00bb4.16&#8243; _module_preset=\u00bbdefault\u00bb global_colors_info=\u00bb{}\u00bb][et_pb_text _builder_version=\u00bb4.27.4&#8243; _module_preset=\u00bbdefault\u00bb text_font=\u00bbPoppins||||||||\u00bb text_text_color=\u00bbgcid-10bec4e7-dec4-438b-a821-f57384b1516e\u00bb text_font_size=\u00bb20px\u00bb text_line_height=\u00bb1.8em\u00bb header_font=\u00bbPoppins||||||||\u00bb global_colors_info=\u00bb{%22gcid-10bec4e7-dec4-438b-a821-f57384b1516e%22:%91%22text_text_color%22%93}\u00bb]<\/p>\n<p style=\"font-weight: 400;\">La Constituci\u00f3n Nacional de 1994 consagra en su art\u00edculo 123 la autonom\u00eda municipal. Pero la <strong>Constituci\u00f3n bonaerense no ha adecuado su texto<\/strong> para hacerla efectiva en su territorio.<\/p>\n<p style=\"font-weight: 400;\">En consecuencia, <strong>los municipios funcionan casi como delegaciones<\/strong> administradoras provinciales, y se encuentran limitados en sus capacidades de <strong>desarrollo aut\u00f3nomo<\/strong>, al no poder potenciar sus fortalezas a trav\u00e9s de una planificaci\u00f3n adecuada ni de dar <strong>respuesta a las necesidades de los ciudadanos<\/strong> por medio de pol\u00edticas espec\u00edficas.<\/p>\n<p style=\"font-weight: 400;\">La autonom\u00eda municipal permite que la propia comunidad local genere f\u00f3rmulas de gesti\u00f3n mediante las cuales los vecinos nos transformamos en <strong>sujetos de la pol\u00edtica p\u00fablica<\/strong>, protagonistas activos y sustento de la democracia.<span>\u00a0<\/span><\/p>\n<p>[\/et_pb_text][\/et_pb_column][\/et_pb_row][\/et_pb_section]<\/p>\n","protected":false},"excerpt":{"rendered":"<p>A favor del autogobierno localLa Constituci\u00f3n Nacional de 1994 consagra en su art\u00edculo 123 la autonom\u00eda municipal. Pero la Constituci\u00f3n bonaerense no ha adecuado su texto para hacerla efectiva en su territorio. En consecuencia, los municipios funcionan casi como delegaciones administradoras provinciales, y se encuentran limitados en sus capacidades de desarrollo aut\u00f3nomo, al no poder [&hellip;]<\/p>\n","protected":false},"author":1,"featured_media":0,"parent":0,"menu_order":0,"comment_status":"closed","ping_status":"closed","template":"","meta":{"_et_pb_use_builder":"on","_et_pb_old_content":"<!-- wp:divi\/placeholder \/-->","_et_gb_content_width":"","footnotes":""},"class_list":["post-375","page","type-page","status-publish","hentry"],"yoast_head":"<!-- This site is optimized with the Yoast SEO plugin v27.3 - https:\/\/yoast.com\/product\/yoast-seo-wordpress\/ -->\n<title>Autonom\u00eda municipal - Alternativa Vecinalista EE<\/title>\n<meta name=\"robots\" content=\"index, follow, max-snippet:-1, max-image-preview:large, max-video-preview:-1\" \/>\n<link rel=\"canonical\" href=\"https:\/\/alternativavecinalistaee.com.ar\/index.php\/autonomia-municipal\/\" \/>\n<meta property=\"og:locale\" content=\"es_ES\" \/>\n<meta property=\"og:type\" content=\"article\" \/>\n<meta property=\"og:title\" content=\"Autonom\u00eda municipal - Alternativa Vecinalista EE\" \/>\n<meta property=\"og:description\" content=\"A favor del autogobierno localLa Constituci\u00f3n Nacional de 1994 consagra en su art\u00edculo 123 la autonom\u00eda municipal. Pero la Constituci\u00f3n bonaerense no ha adecuado su texto para hacerla efectiva en su territorio. En consecuencia, los municipios funcionan casi como delegaciones administradoras provinciales, y se encuentran limitados en sus capacidades de desarrollo aut\u00f3nomo, al no poder [&hellip;]\" \/>\n<meta property=\"og:url\" content=\"https:\/\/alternativavecinalistaee.com.ar\/index.php\/autonomia-municipal\/\" \/>\n<meta property=\"og:site_name\" content=\"Alternativa Vecinalista EE\" \/>\n<meta property=\"article:publisher\" content=\"https:\/\/www.facebook.com\/alternativavecinalistaee\/\" \/>\n<meta property=\"article:modified_time\" content=\"2025-05-01T15:12:52+00:00\" \/>\n<meta name=\"twitter:card\" content=\"summary_large_image\" \/>\n<meta name=\"twitter:site\" content=\"@AVdeEcheverria\" \/>\n<meta name=\"twitter:label1\" content=\"Tiempo de lectura\" \/>\n\t<meta name=\"twitter:data1\" content=\"2 minutos\" \/>\n<script type=\"application\/ld+json\" class=\"yoast-schema-graph\">{\"@context\":\"https:\\\/\\\/schema.org\",\"@graph\":[{\"@type\":\"WebPage\",\"@id\":\"https:\\\/\\\/alternativavecinalistaee.com.ar\\\/index.php\\\/autonomia-municipal\\\/\",\"url\":\"https:\\\/\\\/alternativavecinalistaee.com.ar\\\/index.php\\\/autonomia-municipal\\\/\",\"name\":\"Autonom\u00eda municipal - Alternativa Vecinalista EE\",\"isPartOf\":{\"@id\":\"https:\\\/\\\/alternativavecinalistaee.com.ar\\\/#website\"},\"datePublished\":\"2021-01-27T14:23:03+00:00\",\"dateModified\":\"2025-05-01T15:12:52+00:00\",\"breadcrumb\":{\"@id\":\"https:\\\/\\\/alternativavecinalistaee.com.ar\\\/index.php\\\/autonomia-municipal\\\/#breadcrumb\"},\"inLanguage\":\"es\",\"potentialAction\":[{\"@type\":\"ReadAction\",\"target\":[\"https:\\\/\\\/alternativavecinalistaee.com.ar\\\/index.php\\\/autonomia-municipal\\\/\"]}]},{\"@type\":\"BreadcrumbList\",\"@id\":\"https:\\\/\\\/alternativavecinalistaee.com.ar\\\/index.php\\\/autonomia-municipal\\\/#breadcrumb\",\"itemListElement\":[{\"@type\":\"ListItem\",\"position\":1,\"name\":\"Portada\",\"item\":\"https:\\\/\\\/alternativavecinalistaee.com.ar\\\/\"},{\"@type\":\"ListItem\",\"position\":2,\"name\":\"Autonom\u00eda municipal\"}]},{\"@type\":\"WebSite\",\"@id\":\"https:\\\/\\\/alternativavecinalistaee.com.ar\\\/#website\",\"url\":\"https:\\\/\\\/alternativavecinalistaee.com.ar\\\/\",\"name\":\"Alternativa Vecinalista EE\",\"description\":\"Esteban Echeverr\u00eda\",\"publisher\":{\"@id\":\"https:\\\/\\\/alternativavecinalistaee.com.ar\\\/#organization\"},\"potentialAction\":[{\"@type\":\"SearchAction\",\"target\":{\"@type\":\"EntryPoint\",\"urlTemplate\":\"https:\\\/\\\/alternativavecinalistaee.com.ar\\\/?s={search_term_string}\"},\"query-input\":{\"@type\":\"PropertyValueSpecification\",\"valueRequired\":true,\"valueName\":\"search_term_string\"}}],\"inLanguage\":\"es\"},{\"@type\":\"Organization\",\"@id\":\"https:\\\/\\\/alternativavecinalistaee.com.ar\\\/#organization\",\"name\":\"Alternativa Vecinalista EE\",\"url\":\"https:\\\/\\\/alternativavecinalistaee.com.ar\\\/\",\"logo\":{\"@type\":\"ImageObject\",\"inLanguage\":\"es\",\"@id\":\"https:\\\/\\\/alternativavecinalistaee.com.ar\\\/#\\\/schema\\\/logo\\\/image\\\/\",\"url\":\"https:\\\/\\\/alternativavecinalistaee.com.ar\\\/wp-content\\\/uploads\\\/2020\\\/12\\\/Alternativa-vecinalista-Esteban-Echeverria.png\",\"contentUrl\":\"https:\\\/\\\/alternativavecinalistaee.com.ar\\\/wp-content\\\/uploads\\\/2020\\\/12\\\/Alternativa-vecinalista-Esteban-Echeverria.png\",\"width\":5268,\"height\":1077,\"caption\":\"Alternativa Vecinalista EE\"},\"image\":{\"@id\":\"https:\\\/\\\/alternativavecinalistaee.com.ar\\\/#\\\/schema\\\/logo\\\/image\\\/\"},\"sameAs\":[\"https:\\\/\\\/www.facebook.com\\\/alternativavecinalistaee\\\/\",\"https:\\\/\\\/x.com\\\/AVdeEcheverria\",\"https:\\\/\\\/www.instagram.com\\\/alternativavecinalistaee\\\/\"]}]}<\/script>\n<!-- \/ Yoast SEO plugin. -->","yoast_head_json":{"title":"Autonom\u00eda municipal - Alternativa Vecinalista EE","robots":{"index":"index","follow":"follow","max-snippet":"max-snippet:-1","max-image-preview":"max-image-preview:large","max-video-preview":"max-video-preview:-1"},"canonical":"https:\/\/alternativavecinalistaee.com.ar\/index.php\/autonomia-municipal\/","og_locale":"es_ES","og_type":"article","og_title":"Autonom\u00eda municipal - Alternativa Vecinalista EE","og_description":"A favor del autogobierno localLa Constituci\u00f3n Nacional de 1994 consagra en su art\u00edculo 123 la autonom\u00eda municipal. Pero la Constituci\u00f3n bonaerense no ha adecuado su texto para hacerla efectiva en su territorio. En consecuencia, los municipios funcionan casi como delegaciones administradoras provinciales, y se encuentran limitados en sus capacidades de desarrollo aut\u00f3nomo, al no poder [&hellip;]","og_url":"https:\/\/alternativavecinalistaee.com.ar\/index.php\/autonomia-municipal\/","og_site_name":"Alternativa Vecinalista EE","article_publisher":"https:\/\/www.facebook.com\/alternativavecinalistaee\/","article_modified_time":"2025-05-01T15:12:52+00:00","twitter_card":"summary_large_image","twitter_site":"@AVdeEcheverria","twitter_misc":{"Tiempo de lectura":"2 minutos"},"schema":{"@context":"https:\/\/schema.org","@graph":[{"@type":"WebPage","@id":"https:\/\/alternativavecinalistaee.com.ar\/index.php\/autonomia-municipal\/","url":"https:\/\/alternativavecinalistaee.com.ar\/index.php\/autonomia-municipal\/","name":"Autonom\u00eda municipal - Alternativa Vecinalista EE","isPartOf":{"@id":"https:\/\/alternativavecinalistaee.com.ar\/#website"},"datePublished":"2021-01-27T14:23:03+00:00","dateModified":"2025-05-01T15:12:52+00:00","breadcrumb":{"@id":"https:\/\/alternativavecinalistaee.com.ar\/index.php\/autonomia-municipal\/#breadcrumb"},"inLanguage":"es","potentialAction":[{"@type":"ReadAction","target":["https:\/\/alternativavecinalistaee.com.ar\/index.php\/autonomia-municipal\/"]}]},{"@type":"BreadcrumbList","@id":"https:\/\/alternativavecinalistaee.com.ar\/index.php\/autonomia-municipal\/#breadcrumb","itemListElement":[{"@type":"ListItem","position":1,"name":"Portada","item":"https:\/\/alternativavecinalistaee.com.ar\/"},{"@type":"ListItem","position":2,"name":"Autonom\u00eda municipal"}]},{"@type":"WebSite","@id":"https:\/\/alternativavecinalistaee.com.ar\/#website","url":"https:\/\/alternativavecinalistaee.com.ar\/","name":"Alternativa Vecinalista EE","description":"Esteban Echeverr\u00eda","publisher":{"@id":"https:\/\/alternativavecinalistaee.com.ar\/#organization"},"potentialAction":[{"@type":"SearchAction","target":{"@type":"EntryPoint","urlTemplate":"https:\/\/alternativavecinalistaee.com.ar\/?s={search_term_string}"},"query-input":{"@type":"PropertyValueSpecification","valueRequired":true,"valueName":"search_term_string"}}],"inLanguage":"es"},{"@type":"Organization","@id":"https:\/\/alternativavecinalistaee.com.ar\/#organization","name":"Alternativa Vecinalista EE","url":"https:\/\/alternativavecinalistaee.com.ar\/","logo":{"@type":"ImageObject","inLanguage":"es","@id":"https:\/\/alternativavecinalistaee.com.ar\/#\/schema\/logo\/image\/","url":"https:\/\/alternativavecinalistaee.com.ar\/wp-content\/uploads\/2020\/12\/Alternativa-vecinalista-Esteban-Echeverria.png","contentUrl":"https:\/\/alternativavecinalistaee.com.ar\/wp-content\/uploads\/2020\/12\/Alternativa-vecinalista-Esteban-Echeverria.png","width":5268,"height":1077,"caption":"Alternativa Vecinalista EE"},"image":{"@id":"https:\/\/alternativavecinalistaee.com.ar\/#\/schema\/logo\/image\/"},"sameAs":["https:\/\/www.facebook.com\/alternativavecinalistaee\/","https:\/\/x.com\/AVdeEcheverria","https:\/\/www.instagram.com\/alternativavecinalistaee\/"]}]}},"_links":{"self":[{"href":"https:\/\/alternativavecinalistaee.com.ar\/index.php\/wp-json\/wp\/v2\/pages\/375","targetHints":{"allow":["GET"]}}],"collection":[{"href":"https:\/\/alternativavecinalistaee.com.ar\/index.php\/wp-json\/wp\/v2\/pages"}],"about":[{"href":"https:\/\/alternativavecinalistaee.com.ar\/index.php\/wp-json\/wp\/v2\/types\/page"}],"author":[{"embeddable":true,"href":"https:\/\/alternativavecinalistaee.com.ar\/index.php\/wp-json\/wp\/v2\/users\/1"}],"replies":[{"embeddable":true,"href":"https:\/\/alternativavecinalistaee.com.ar\/index.php\/wp-json\/wp\/v2\/comments?post=375"}],"version-history":[{"count":16,"href":"https:\/\/alternativavecinalistaee.com.ar\/index.php\/wp-json\/wp\/v2\/pages\/375\/revisions"}],"predecessor-version":[{"id":987508423,"href":"https:\/\/alternativavecinalistaee.com.ar\/index.php\/wp-json\/wp\/v2\/pages\/375\/revisions\/987508423"}],"wp:attachment":[{"href":"https:\/\/alternativavecinalistaee.com.ar\/index.php\/wp-json\/wp\/v2\/media?parent=375"}],"curies":[{"name":"wp","href":"https:\/\/api.w.org\/{rel}","templated":true}]}}